{"id":5704,"date":"2016-01-17T07:44:22","date_gmt":"2016-01-17T07:44:22","guid":{"rendered":"http:\/\/webnus.net\/themes\/easyweb\/host\/?page_id=5704"},"modified":"2019-04-19T13:26:23","modified_gmt":"2019-04-19T18:26:23","slug":"contacto","status":"publish","type":"page","link":"https:\/\/eas.ec\/sitio\/ec\/contacto\/","title":{"rendered":"Contacto"},"content":{"rendered":"<p>[vc_row row_type=\u00bb2&#8243; blox_height=\u00bb340&#8243; blox_image=\u00bb6442&#8243; blox_cover=\u00bbfalse\u00bb page_title=\u00bbpage-title-x\u00bb blox_dark=\u00bbtrue\u00bb row_pattern=\u00bbmax-pat2&#8243;][vc_column]<hr class=\"vertical-space5\"><hr class=\"vertical-space5\">[vc_column_text]<\/p>\n<h2 style=\"text-align: center;\"><strong style=\"font-weight: bold;\"><span style=\"color: #4fc1e9;\">CONTACTENOS<\/span>\u00a0<\/strong><\/h2>\n<p>[\/vc_column_text][\/vc_column][\/vc_row][vc_row][vc_column]<hr class=\"vertical-space5\">[vc_row_inner][vc_column_inner width=\u00bb6\/12&#8243;]\n\t<div class=\"subtitle-element subtitle-element1\">\n\t\t<h4>EQUIPO <strong>E A S<\/strong><\/h4>\n\t<\/div>[vc_column_text]En <strong>E A S<\/strong> m\u00e1s que clientes tenemos amigos satisfechos de la asesor\u00eda y del servicio tecnol\u00f3gico personalizado que les brindamos.[\/vc_column_text]<hr class=\"vertical-space1\"><article class=\"icon-box\" ><i class=\"sl-calendar\" style=\"\"><\/i><h4>Horarios Oficina<\/h4><p>Lunes a Viernes de 9:00 a 12:30 - 13:30 a 18:00<br \/>\nS\u00e1bados de 10:00 a 14:30<\/p><\/article><hr class=\"vertical-space1\"><article class=\"icon-box\" ><i class=\"sl-phone\" style=\"\"><\/i><h4>Tel\u00e9fonos<\/h4><p>ECU: 096 094 66 25<br \/>\nUSA: 682 718 55 03<\/p><\/article><hr class=\"vertical-space1\"><article class=\"icon-box\" ><i class=\"fa-whatsapp\" style=\"\"><\/i><h4>WhatsApp<\/h4><p>ECU: +593 96 094 66 25<br \/>\nUSA: +1 682 718 55 03<\/p><\/article><hr class=\"vertical-space1\"><article class=\"icon-box\" ><i class=\"sl-envelope-open\" style=\"\"><\/i><h4>Mails<\/h4><p>hola@eas.ec<br \/>\nventas@eas.ec<br \/>\nsoportetecnico@eas.ec<\/p><\/article><hr class=\"vertical-space1\">[\/vc_column_inner][vc_column_inner el_class=\u00bbaligncenter\u00bb width=\u00bb1\/12&#8243;][\/vc_column_inner][vc_column_inner width=\u00bb5\/12&#8243;]\n\t<div class=\"subtitle-element subtitle-element1\">\n\t\t<h4>Formulario de <strong>Contacto<\/strong><\/h4>\n\t<\/div>[vc_column_text]Cu\u00e9ntenos que necesita y le daremos una soluci\u00f3n eficaz.[\/vc_column_text]<hr class=\"vertical-space1\"><p class=\"wpcf7-contact-form-not-found\"><strong>Error:<\/strong> Formulario de contacto no encontrado.<\/p><hr class=\"vertical-space1\">[\/vc_column_inner][\/vc_row_inner][\/vc_column][\/vc_row]<\/p>\n","protected":false},"excerpt":{"rendered":"<p>[vc_row row_type=\u00bb2&#8243; blox_height=\u00bb340&#8243; blox_image=\u00bb6442&#8243; blox_cover=\u00bbfalse\u00bb page_title=\u00bbpage-title-x\u00bb blox_dark=\u00bbtrue\u00bb row_pattern=\u00bbmax-pat2&#8243;][vc_column][vc_column_text] CONTACTENOS\u00a0 [\/vc_column_text][\/vc_column][\/vc_row][vc_row][vc_column][vc_row_inner][vc_column_inner width=\u00bb6\/12&#8243;][vc_column_text]En E A S m\u00e1s que clientes tenemos amigos satisfechos de la asesor\u00eda y del servicio tecnol\u00f3gico personalizado que les brindamos.[\/vc_column_text][\/vc_column_inner][vc_column_inner el_class=\u00bbaligncenter\u00bb width=\u00bb1\/12&#8243;][\/vc_column_inner][vc_column_inner width=\u00bb5\/12&#8243;][vc_column_text]Cu\u00e9ntenos que necesita y le daremos una soluci\u00f3n eficaz.[\/vc_column_text][\/vc_column_inner][\/vc_row_inner][\/vc_column][\/vc_row]<\/p>\n","protected":false},"author":1,"featured_media":0,"parent":0,"menu_order":0,"comment_status":"closed","ping_status":"closed","template":"","meta":{"_joinchat":[],"footnotes":""},"class_list":["post-5704","page","type-page","status-publish","hentry"],"_links":{"self":[{"href":"https:\/\/eas.ec\/sitio\/ec\/wp-json\/wp\/v2\/pages\/5704","targetHints":{"allow":["GET"]}}],"collection":[{"href":"https:\/\/eas.ec\/sitio\/ec\/wp-json\/wp\/v2\/pages"}],"about":[{"href":"https:\/\/eas.ec\/sitio\/ec\/wp-json\/wp\/v2\/types\/page"}],"author":[{"embeddable":true,"href":"https:\/\/eas.ec\/sitio\/ec\/wp-json\/wp\/v2\/users\/1"}],"replies":[{"embeddable":true,"href":"https:\/\/eas.ec\/sitio\/ec\/wp-json\/wp\/v2\/comments?post=5704"}],"version-history":[{"count":19,"href":"https:\/\/eas.ec\/sitio\/ec\/wp-json\/wp\/v2\/pages\/5704\/revisions"}],"predecessor-version":[{"id":11072,"href":"https:\/\/eas.ec\/sitio\/ec\/wp-json\/wp\/v2\/pages\/5704\/revisions\/11072"}],"wp:attachment":[{"href":"https:\/\/eas.ec\/sitio\/ec\/wp-json\/wp\/v2\/media?parent=5704"}],"curies":[{"name":"wp","href":"https:\/\/api.w.org\/{rel}","templated":true}]}}