{"id":5712,"date":"2016-01-17T08:08:56","date_gmt":"2016-01-17T08:08:56","guid":{"rendered":"http:\/\/webnus.net\/themes\/easyweb\/host\/?page_id=5712"},"modified":"2019-09-21T16:39:48","modified_gmt":"2019-09-21T21:39:48","slug":"home-1","status":"publish","type":"page","link":"https:\/\/eas.ec\/sitio\/ec\/","title":{"rendered":"Inicio"},"content":{"rendered":"<p>[vc_row row_type=\u00bb1&#8243;][vc_column css=\u00bb.vc_custom_1453020108738{padding-top: 0px !important;padding-right: 0px !important;padding-bottom: 0px !important;padding-left: 0px !important;}\u00bb][rev_slider_vc alias=\u00bbHost-slider\u00bb][\/vc_column][\/vc_row][vc_row row_type=\u00bb2&#8243; blox_padding_top=\u00bb100&#8243; blox_padding_bottom=\u00bb80&#8243; blox_dark=\u00bbtrue\u00bb blox_class=\u00bbbg-colorskin\u00bb blox_bgcolor=\u00bb#00c2e5&#8243;][vc_column][vc_column_text]<\/p>\n<h2 style=\"text-align: center; margin-bottom: 15px;\"><strong>BUSQUE Y ELIJA SU DOMINIO PERFECTO<\/strong><\/h2>\n<h4 style=\"text-align: center; font-size: 19px;\">para su Idea, Empresa o Negocio<\/h4>\n<p>[\/vc_column_text]<div id='domain-form'>\r\n\t<div id='wdc-style' >\r\n\t\t<form method='post' action='.\/' id='form' class='pure-form'> \r\n\r\n\t\t\t<input type='hidden' name='item_id' value='10117'>\r\n\t\t\t<input type='hidden' name='tld' value=''>\r\n\t\t\t<div class='input-group large' style='max-width:900px;'>\r\n     \t\t\t<input type='text' class='form-control' autocomplete='off' id='Search' name='domain' placeholder=''>\r\n      \t\t\t\t<span class='input-group-btn'>\r\n\t\t\t\t\t<button type='submit' id='Submit' class='btn btn-default btn-info'>Buscar Dominio<\/button>\r\n     \t \t\t\t<\/span>\r\n    \t\t<\/div>\r\n\t\t\r\n\t\t<div id='loading'><img src='https:\/\/eas.ec\/sitio\/ec\/wp-content\/plugins\/wp-domain-checker\/images\/load.gif'><\/img><\/div>\r\n\t<\/form>\r\n<div style='max-width:900px;'>\r\n\t\t<div id='results' class='result large'><\/div>\r\n<\/div>\r\n\t<\/div>\r\n<\/div><hr class=\"vertical-space1\">[vc_column_text]<\/p>\n<h5 class=\"dmn-prs\"><span class=\"dmncol\"><strong>.com<\/strong> $19.99<\/span><span class=\"dmncol\"> <strong>.net<\/strong> $19.99\u00a0<\/span><span class=\"dmncol\"><strong>.org<\/strong>\u00a0$19.99\u00a0<\/span><span class=\"dmncol\"><strong>.biz<\/strong> $19.99<\/span><\/h5>\n<p>[\/vc_column_text][\/vc_column][\/vc_row][vc_row][vc_column]<hr class=\"vertical-space2\">\n\t<div class=\"subtitle-element subtitle-element1\">\n\t\t<h4><strong>Planes de Hosting<\/strong> perfectos para su Idea, Empresa o Negocio<\/h4>\n\t<\/div><hr class=\"vertical-space2\">[vc_row_inner][vc_column_inner width=\u00bb1\/4&#8243;]<div class=\"w-pricing-table pt-type3\">\n\t\t\t\t<div class=\"pt-header\">\n\t\t\t\t\t<h3 class=\"plan-title\">PLAN JUNIOR<\/h3>\n\t\t\t\t\t<h4 class=\"plan-price\"><span>$15.00<\/span><small>\/a\u00f1o<\/small><\/h4>\n\t\t\t\t\t\n\t\t\t\t<\/div>\n\t\t\t\t<span>para ideas<\/span>\n\t\t\t\t<ul class=\"pt-features\"><li class=\"feature-item\"><span class=\"feature-icon available-icon\"><\/span>400MB Espacio en Disco<\/li><li class=\"feature-item\"><span class=\"feature-icon available-icon\"><\/span>2GB Transferencia<\/li><li class=\"feature-item\"><span class=\"feature-icon available-icon\"><\/span>Cuentas Email Ilimitadas<\/li><li class=\"feature-item\"><span class=\"feature-icon available-icon\"><\/span>Subdominios Ilimitados<\/li><li class=\"feature-item\"><span class=\"feature-icon available-icon\"><\/span>Cpanel<\/li><li class=\"feature-item\"><span class=\"feature-icon available-icon\"><\/span>FTP Ilimitadas<\/li><li class=\"feature-item\"><span class=\"feature-icon available-icon\"><\/span>MySQL Ilimitadas<\/li><\/ul>\n\t\t\t\t\n\t<div class=\"pt-footer\">\n\t\t\n\t\t<a href=\"\/sitio\/tienda\/?add-to-cart=10471\" class=\"magicmore\">Contratar<\/a>\n\t<\/div><\/div><hr class=\"vertical-space1\">[\/vc_column_inner][vc_column_inner width=\u00bb1\/4&#8243;]<div class=\"w-pricing-table pt-type3\">\n\t\t\t\t<div class=\"pt-header\">\n\t\t\t\t\t<h3 class=\"plan-title\">PLAN 1GB<\/h3>\n\t\t\t\t\t<h4 class=\"plan-price\"><span>$30.00<\/span><small>\/a\u00f1o<\/small><\/h4>\n\t\t\t\t\t\n\t\t\t\t<\/div>\n\t\t\t\t<span>para negocios<\/span>\n\t\t\t\t<ul class=\"pt-features\"><li class=\"feature-item\"><span class=\"feature-icon available-icon\"><\/span>1GB Espacio en Disco<\/li><li class=\"feature-item\"><span class=\"feature-icon available-icon\"><\/span>10GB Transferencia<\/li><li class=\"feature-item\"><span class=\"feature-icon available-icon\"><\/span>Cuentas Email Ilimitadas<\/li><li class=\"feature-item\"><span class=\"feature-icon available-icon\"><\/span>Subdominios Ilimitados<\/li><li class=\"feature-item\"><span class=\"feature-icon available-icon\"><\/span>Cpanel<\/li><li class=\"feature-item\"><span class=\"feature-icon available-icon\"><\/span>FTP Ilimitadas<\/li><li class=\"feature-item\"><span class=\"feature-icon available-icon\"><\/span>MySQL Ilimitadas<\/li><\/ul>\n\t\t\t\t\n\t<div class=\"pt-footer\">\n\t\t\n\t\t<a href=\"\/sitio\/tienda\/?add-to-cart=10473\" class=\"magicmore\">Contratar<\/a>\n\t<\/div><\/div><hr class=\"vertical-space1\">[\/vc_column_inner][vc_column_inner width=\u00bb1\/4&#8243;]<div class=\"w-pricing-table pt-type3 featured\">\n\t\t\t\t<div class=\"pt-header\">\n\t\t\t\t\t<h3 class=\"plan-title\">PLAN 2GB<\/h3>\n\t\t\t\t\t<h4 class=\"plan-price\"><span>$40.00<\/span><small>\/a\u00f1o<\/small><\/h4>\n\t\t\t\t\t\n\t\t\t\t<\/div>\n\t\t\t\t<span>para empresas<\/span>\n\t\t\t\t<ul class=\"pt-features\"><li class=\"feature-item\"><span class=\"feature-icon available-icon\"><\/span>2GB Espacio en Disco<\/li><li class=\"feature-item\"><span class=\"feature-icon available-icon\"><\/span>10GB Transferencia<\/li><li class=\"feature-item\"><span class=\"feature-icon available-icon\"><\/span>Cuentas Email Ilimitadas<\/li><li class=\"feature-item\"><span class=\"feature-icon available-icon\"><\/span>Subdominios Ilimitados<\/li><li class=\"feature-item\"><span class=\"feature-icon available-icon\"><\/span>Cpanel<\/li><li class=\"feature-item\"><span class=\"feature-icon available-icon\"><\/span>FTP Ilimitadas<\/li><li class=\"feature-item\"><span class=\"feature-icon available-icon\"><\/span>MySQL Ilimitadas<\/li><\/ul>\n\t\t\t\t\n\t<div class=\"pt-footer\">\n\t\t\n\t\t<a href=\"\/sitio\/tienda\/?add-to-cart=10475\" class=\"magicmore\">Contratar<\/a>\n\t<\/div><\/div><hr class=\"vertical-space1\">[\/vc_column_inner][vc_column_inner width=\u00bb1\/4&#8243;]<div class=\"w-pricing-table pt-type3\">\n\t\t\t\t<div class=\"pt-header\">\n\t\t\t\t\t<h3 class=\"plan-title\">PLAN 5GB<\/h3>\n\t\t\t\t\t<h4 class=\"plan-price\"><span>$64.00<\/span><small>\/a\u00f1o<\/small><\/h4>\n\t\t\t\t\t\n\t\t\t\t<\/div>\n\t\t\t\t<span>r tv prensa<\/span>\n\t\t\t\t<ul class=\"pt-features\"><li class=\"feature-item\"><span class=\"feature-icon available-icon\"><\/span>5GB Espacio en Disco<\/li><li class=\"feature-item\"><span class=\"feature-icon available-icon\"><\/span>10GB Transferencia<\/li><li class=\"feature-item\"><span class=\"feature-icon available-icon\"><\/span>Cuentas Email Ilimitadas<\/li><li class=\"feature-item\"><span class=\"feature-icon available-icon\"><\/span>Subdominios Ilimitados<\/li><li class=\"feature-item\"><span class=\"feature-icon available-icon\"><\/span>Cpanel<\/li><li class=\"feature-item\"><span class=\"feature-icon available-icon\"><\/span>FTP Ilimitadas<\/li><li class=\"feature-item\"><span class=\"feature-icon available-icon\"><\/span>MySQL Ilimitadas<\/li><\/ul>\n\t\t\t\t\n\t<div class=\"pt-footer\">\n\t\t\n\t\t<a href=\"\/sitio\/tienda\/?add-to-cart=10477\" class=\"magicmore\">Contratar<\/a>\n\t<\/div><\/div><hr class=\"vertical-space1\">[\/vc_column_inner][\/vc_row_inner][\/vc_column][\/vc_row][vc_row row_type=\u00bb2&#8243; blox_image=\u00bb6440&#8243; blox_dark=\u00bbtrue\u00bb blox_bgcolor=\u00bb#00c2e5&#8243;][vc_column width=\u00bb2\/3&#8243;]<hr class=\"vertical-space2\">[vc_column_text]<\/p>\n<h3 style=\"font-size: 25px; text-transform: uppercase; text-align: center;\">EL MEJOR HOSTING CON EL MEJOR SOPORTE<\/h3>\n<p style=\"text-align: center;\">r\u00e1pido, seguro y confiable para que crezca su su Idea, Empresa o Negocio.<\/p>\n<p>[\/vc_column_text]<hr class=\"vertical-space2\">[\/vc_column][vc_column width=\u00bb1\/3&#8243; el_class=\u00bbalignright\u00bb]<hr class=\"vertical-space2\"><a href=\"\/sitio\/hosting\" class=\"button white rounded medium bordered-bot \" target=\"_self\">EMPEZAR<\/a>[\/vc_column][\/vc_row][vc_row blox_class=\u00bbborder-btm\u00bb][vc_column]<hr class=\"vertical-space2\">\n\t<div class=\"subtitle-element subtitle-element1\">\n\t\t<h4>POR QU\u00c9 <strong>elegirnos?<\/strong><\/h4>\n\t<\/div><hr class=\"vertical-space1\">[vc_row_inner][vc_column_inner width=\u00bb1\/2&#8243;]<article class=\"icon-box25\" ><i class=\"li_data\" style=\"\"><\/i><h4>Data center en U.S.A.<\/h4><p>Nuestros servidores y data center se encuentran alojados en U.S.A. para ofrecer m\u00e1xima disponibilidad en todos nuestros servicios web a un excelente precio.<\/p><\/article><hr class=\"vertical-space2\"><article class=\"icon-box25\" ><i class=\"icon-gears\" style=\"\"><\/i><h4><strong>Administraci\u00f3n con cPanel<\/strong><\/h4><p>Herramienta web para administrar sitios de manera f\u00e1cil, con una interfaz limpia. Podr\u00e1 administrar cuentas de correo, subdominios, cuentas ftp y m\u00e1s.<\/p><\/article><hr class=\"vertical-space1\"><article class=\"icon-box25\" ><i class=\"icon-global\" style=\"\"><\/i><h4>Redes redundantes<\/h4><p>Los sitios web alojados en EAS.ec son accesibles a trav\u00e9s de una red completa y redundante utilizando equipos Cisco y proveedores de internet que incluyen: AT&amp;T, Verizon, entre otros.<\/p><\/article><hr class=\"vertical-space2\">[\/vc_column_inner][vc_column_inner width=\u00bb1\/2&#8243;]<article class=\"icon-box25\" ><i class=\"sl-energy\" style=\"\"><\/i><h4><strong>99.99% Uptime<\/strong><\/h4><p>Ofrecemos un porcentaje de disponibilidad de servicio del 99.99%, cualquier mantenimiento ser\u00e1 notificado v\u00eda correo electr\u00f3nico para evitar inconvenientes.<\/p><\/article><hr class=\"vertical-space2\"><article class=\"icon-box25\" ><i class=\"icon-envelope\" style=\"\"><\/i><h4>Clientes de correos<\/h4><p>Integre su correo con los principales cliente de correo tales como Microsoft Outlook o Thunderbird, \u00a1No hay problema! soportamos IMAP, POP3 y SMTP.<\/p><\/article><hr class=\"vertical-space1\"><article class=\"icon-box25\" ><i class=\"sl-support\" style=\"\"><\/i><h4>Asesoramiento al cliente<\/h4><p>Comprendemos que la mayor\u00eda de nuestros clientes no tienen conocimiento sobre cpanel y hosting, nosotros no lo dejamos solos, estamos disponibles para resolver sus dudas.<\/p><\/article><hr class=\"vertical-space1\">[\/vc_column_inner][\/vc_row_inner][\/vc_column][\/vc_row][vc_row][vc_column]\n\t<div class=\"subtitle-element subtitle-element1\">\n\t\t<h4>ALGUNOS DE NUESTROS <strong>TRABAJOS<\/strong><\/h4>\n\t<\/div>[\/vc_column][\/vc_row][vc_row row_type=\u00bb1&#8243;][vc_column][vc_row_inner content_placement=\u00bbmiddle\u00bb css=\u00bb.vc_custom_1513285003199{padding-top: 30px !important;background-color: #00c2e5 !important;}\u00bb el_class=\u00bbpadding:10&#8243;][vc_column_inner][vc_images_carousel images=\u00bb2135,2117,2138,2144,2147,2148,2146,2141,2140,2139,2145,2137,2136,2142,2143&#8243; img_size=\u00bbfull\u00bb onclick=\u00bblink_no\u00bb slides_per_view=\u00bb2&#8243; partial_view=\u00bbyes\u00bb wrap=\u00bbyes\u00bb][\/vc_column_inner][\/vc_row_inner][\/vc_column][\/vc_row][vc_row][vc_column el_class=\u00bbaligncenter\u00bb]<hr class=\"vertical-space2\">\n\t<div class=\"subtitle-element subtitle-element1\">\n\t\t<h4>Ultimas<br \/>\n<strong>Noticias<\/strong><\/h4>\n\t<\/div><div class=\"container latestposts-nine\">\r\n<\/div>\r\n<hr class=\"vertical-space1\">[\/vc_column][\/vc_row][vc_row][vc_column el_class=\u00bbaligncenter\u00bb]<hr class=\"vertical-space1\">\n\t<div class=\"subtitle-element subtitle-element1\">\n\t\t<h4>EMPRESAS QUE CONFIAN EN<br \/>\n<strong>NUESTRO TRABAJO<\/strong><\/h4>\n\t<\/div><div class=\"aligncenter\"><hr class=\"vertical-space1\"><div class=\"col-md-12 our-clients-wrap crsl\"><ul id=\"our-clients\" class=\"our-clients crsl\"><li><img decoding=\"async\" alt=\"\" src=\"https:\/\/eas.ec\/sitio\/ec\/wp-content\/uploads\/sites\/3\/2019\/09\/logoAndresBorbor.png\"\/><\/li><li><img decoding=\"async\" alt=\"\" src=\"https:\/\/eas.ec\/sitio\/ec\/wp-content\/uploads\/sites\/3\/2016\/01\/logoLabHG.png\"\/><\/li><li><img decoding=\"async\" alt=\"\" src=\"https:\/\/eas.ec\/sitio\/ec\/wp-content\/uploads\/sites\/3\/2017\/10\/logoLan.png\"\/><\/li><li><img decoding=\"async\" alt=\"\" src=\"https:\/\/eas.ec\/sitio\/ec\/wp-content\/uploads\/sites\/3\/2017\/10\/logoDnaSpeedometers.png\"\/><\/li><li><img decoding=\"async\" alt=\"\" src=\"https:\/\/eas.ec\/sitio\/ec\/wp-content\/uploads\/sites\/3\/2017\/10\/logoConstructoraMarbe.png\"\/><\/li><li><img decoding=\"async\" alt=\"\" src=\"https:\/\/eas.ec\/sitio\/ec\/wp-content\/uploads\/sites\/3\/2017\/10\/logoGestionSupra.png\"\/><\/li><li><img decoding=\"async\" alt=\"\" src=\"https:\/\/eas.ec\/sitio\/ec\/wp-content\/uploads\/sites\/3\/2016\/01\/logoUniversidadInternacionalEuroamericana.png\"\/><\/li><li><img decoding=\"async\" alt=\"\" src=\"https:\/\/eas.ec\/sitio\/ec\/wp-content\/uploads\/sites\/3\/2017\/10\/logoRamiaEnterprise.png\"\/><\/li><li><img decoding=\"async\" alt=\"\" src=\"https:\/\/eas.ec\/sitio\/ec\/wp-content\/uploads\/sites\/3\/2017\/10\/logoLosDurosDelTrap.png\"\/><\/li><li><img decoding=\"async\" alt=\"\" src=\"https:\/\/eas.ec\/sitio\/ec\/wp-content\/uploads\/sites\/3\/2017\/10\/logoLaRadioDeDuran.png\"\/><\/li><li><img decoding=\"async\" alt=\"\" src=\"https:\/\/eas.ec\/sitio\/ec\/wp-content\/uploads\/sites\/3\/2019\/09\/logoEvaFm.png\"\/><\/li><li><img decoding=\"async\" alt=\"\" src=\"https:\/\/eas.ec\/sitio\/ec\/wp-content\/uploads\/sites\/3\/2019\/09\/logoEvaTv.png\"\/><\/li><\/ul><\/div><hr class=\"vertical-space2\"><\/div><hr class=\"vertical-space1\">[\/vc_column][\/vc_row]<\/p>\n","protected":false},"excerpt":{"rendered":"<p>[vc_row row_type=\u00bb1&#8243;][vc_column css=\u00bb.vc_custom_1453020108738{padding-top: 0px !important;padding-right: 0px !important;padding-bottom: 0px !important;padding-left: 0px !important;}\u00bb][rev_slider_vc alias=\u00bbHost-slider\u00bb][\/vc_column][\/vc_row][vc_row row_type=\u00bb2&#8243; blox_padding_top=\u00bb100&#8243; blox_padding_bottom=\u00bb80&#8243; blox_dark=\u00bbtrue\u00bb blox_class=\u00bbbg-colorskin\u00bb blox_bgcolor=\u00bb#00c2e5&#8243;][vc_column][vc_column_text] BUSQUE Y ELIJA SU DOMINIO PERFECTO para su Idea, Empresa o Negocio [\/vc_column_text][vc_column_text] .com $19.99 .net $19.99\u00a0.org\u00a0$19.99\u00a0.biz $19.99 [\/vc_column_text][\/vc_column][\/vc_row][vc_row][vc_column][vc_row_inner][vc_column_inner width=\u00bb1\/4&#8243;][\/vc_column_inner][vc_column_inner width=\u00bb1\/4&#8243;][\/vc_column_inner][vc_column_inner width=\u00bb1\/4&#8243;][\/vc_column_inner][vc_column_inner width=\u00bb1\/4&#8243;][\/vc_column_inner][\/vc_row_inner][\/vc_column][\/vc_row][vc_row row_type=\u00bb2&#8243; blox_image=\u00bb6440&#8243; blox_dark=\u00bbtrue\u00bb blox_bgcolor=\u00bb#00c2e5&#8243;][vc_column width=\u00bb2\/3&#8243;][vc_column_text] EL MEJOR HOSTING CON EL MEJOR SOPORTE r\u00e1pido, seguro y confiable para que crezca su su Idea, Empresa o Negocio. [\/vc_column_text][\/vc_column][vc_column width=\u00bb1\/3&#8243; el_class=\u00bbalignright\u00bb][\/vc_column][\/vc_row][vc_row blox_class=\u00bbborder-btm\u00bb][vc_column][vc_row_inner][vc_column_inner width=\u00bb1\/2&#8243;][\/vc_column_inner][vc_column_inner width=\u00bb1\/2&#8243;][\/vc_column_inner][\/vc_row_inner][\/vc_column][\/vc_row][vc_row][vc_column][\/vc_column][\/vc_row][vc_row row_type=\u00bb1&#8243;][vc_column][vc_row_inner content_placement=\u00bbmiddle\u00bb css=\u00bb.vc_custom_1513285003199{padding-top: 30px !important;background-color: #00c2e5 !important;}\u00bb el_class=\u00bbpadding:10&#8243;][vc_column_inner][vc_images_carousel images=\u00bb2135,2117,2138,2144,2147,2148,2146,2141,2140,2139,2145,2137,2136,2142,2143&#8243; img_size=\u00bbfull\u00bb onclick=\u00bblink_no\u00bb slides_per_view=\u00bb2&#8243; partial_view=\u00bbyes\u00bb wrap=\u00bbyes\u00bb][\/vc_column_inner][\/vc_row_inner][\/vc_column][\/vc_row][vc_row][vc_column el_class=\u00bbaligncenter\u00bb][\/vc_column][\/vc_row][vc_row][vc_column el_class=\u00bbaligncenter\u00bb][\/vc_column][\/vc_row]<\/p>\n","protected":false},"author":1,"featured_media":0,"parent":0,"menu_order":0,"comment_status":"closed","ping_status":"closed","template":"","meta":{"_joinchat":[],"footnotes":""},"class_list":["post-5712","page","type-page","status-publish","hentry"],"_links":{"self":[{"href":"https:\/\/eas.ec\/sitio\/ec\/wp-json\/wp\/v2\/pages\/5712","targetHints":{"allow":["GET"]}}],"collection":[{"href":"https:\/\/eas.ec\/sitio\/ec\/wp-json\/wp\/v2\/pages"}],"about":[{"href":"https:\/\/eas.ec\/sitio\/ec\/wp-json\/wp\/v2\/types\/page"}],"author":[{"embeddable":true,"href":"https:\/\/eas.ec\/sitio\/ec\/wp-json\/wp\/v2\/users\/1"}],"replies":[{"embeddable":true,"href":"https:\/\/eas.ec\/sitio\/ec\/wp-json\/wp\/v2\/comments?post=5712"}],"version-history":[{"count":195,"href":"https:\/\/eas.ec\/sitio\/ec\/wp-json\/wp\/v2\/pages\/5712\/revisions"}],"predecessor-version":[{"id":11137,"href":"https:\/\/eas.ec\/sitio\/ec\/wp-json\/wp\/v2\/pages\/5712\/revisions\/11137"}],"wp:attachment":[{"href":"https:\/\/eas.ec\/sitio\/ec\/wp-json\/wp\/v2\/media?parent=5712"}],"curies":[{"name":"wp","href":"https:\/\/api.w.org\/{rel}","templated":true}]}}