{"id":6522,"date":"2016-02-02T11:16:35","date_gmt":"2016-02-02T11:16:35","guid":{"rendered":"http:\/\/webnus.net\/themes\/easyweb\/host\/?page_id=6522"},"modified":"2019-09-27T16:13:00","modified_gmt":"2019-09-27T21:13:00","slug":"nosotros","status":"publish","type":"page","link":"https:\/\/eas.ec\/sitio\/ec\/nosotros\/","title":{"rendered":"Nosotros"},"content":{"rendered":"<p>[vc_row row_type=\u00bb2&#8243; blox_height=\u00bb340&#8243; blox_image=\u00bb6365&#8243; blox_cover=\u00bbfalse\u00bb page_title=\u00bbpage-title-x\u00bb blox_dark=\u00bbtrue\u00bb row_pattern=\u00bbmax-pat2&#8243;][vc_column]<hr class=\"vertical-space5\"><hr class=\"vertical-space5\">[vc_column_text el_class=\u00bbaligncenter\u00bb]<\/p>\n<h2 class=\"respo-tagline\"><strong><span style=\"color: #4fc1e9;\">Nosotros <\/span>\u00a0<span style=\"color: #ffffff;\">E A S<\/span><\/strong><\/h2>\n<p>[\/vc_column_text][\/vc_column][\/vc_row][vc_row][vc_column]<hr class=\"vertical-space5\">\n\t<div class=\"subtitle-element subtitle-element1\">\n\t\t<h4>Bienvenido a E A S <strong>Engineering Analysis &amp; Systems<\/strong><\/h4>\n\t<\/div>[vc_column_text]<\/p>\n<h4>M\u00e1s que clientes tenemos amigos satisfechos de la asesor\u00eda y del servicio tecnol\u00f3gico personalizado que les brindamos.<\/h4>\n<p>[\/vc_column_text][\/vc_column][\/vc_row][vc_row][vc_column width=\u00bb1\/2&#8243;]\n\t<div class=\"subtitle-element subtitle-element1\">\n\t\t<h4>Quienes <strong>Somos<\/strong><\/h4>\n\t<\/div>[vc_single_image image=\u00bb2151&#8243; img_size=\u00bbfull\u00bb alignment=\u00bbcenter\u00bb]<hr class=\"vertical-space2\">[vc_column_text]Iniciamos nuestras labores en el a\u00f1o 2002, dando servicio a usuarios finales y peque\u00f1as empresas, durante este tiempo hemos tenido grandes cambios a nivel estructural, Imagen Corporativa y de Marca dando como resultado final el nacimiento de E A S, actualmente tenemos presencia en Guayaquil &#8211; Ecuador y Texas &#8211; USA.[\/vc_column_text][\/vc_column][vc_column width=\u00bb1\/2&#8243;]\n\t<div class=\"subtitle-element subtitle-element1\">\n\t\t<h4>Que <strong>Hacemos<\/strong><\/h4>\n\t<\/div>[vc_single_image image=\u00bb10270&#8243; img_size=\u00bbfull\u00bb alignment=\u00bbcenter\u00bb]<hr class=\"vertical-space2\">[vc_column_text]Nuestro personal es alta mente calificado y cualificado con una gran experiencia de trabajos, soportes, capacitaci\u00f3n a usuarios, desarrollo web, software a medida y modernizaci\u00f3n de procesos de negocios realizados con y para empresas, productos y sistemas inform\u00e1ticos nacionales y extranjeros tales como: INTEL, HP, IBM, LEXMARK, LINKSYS, DLINK, XTRATECH, BENQ, XEROX, PHP, MySQL, Fundaci\u00f3n San Luis, DNA Speddo Meters, entre otros.<\/p>\n<p>As\u00ed fuimos creciendo e implementando la Tecnolog\u00eda que nuestros clientes necesitan.[\/vc_column_text][\/vc_column][\/vc_row][vc_row][vc_column width=\u00bb1\/2&#8243;]\n\t<div class=\"subtitle-element subtitle-element1\">\n\t\t<h4>Nuestra <strong>Mision<\/strong><\/h4>\n\t<\/div>[vc_single_image image=\u00bb10273&#8243; img_size=\u00bbfull\u00bb alignment=\u00bbcenter\u00bb]<hr class=\"vertical-space2\">[vc_column_text]Ayudar a nuestros clientes a hacer el mejor uso de las Tecnolog\u00edas de la Informaci\u00f3n y Comunicaci\u00f3n y su convergencia, provey\u00e9ndoles asistencia t\u00e9cnica y funcional para sus consultas, requerimientos o problemas, adquisici\u00f3n de Hardware o Software, desarrollo web y software a la medida, modernizaci\u00f3n de sus procesos de negocios y sobre todo un respaldo tecnol\u00f3gico eficiente.[\/vc_column_text][\/vc_column][vc_column width=\u00bb1\/2&#8243;]\n\t<div class=\"subtitle-element subtitle-element1\">\n\t\t<h4>Nuestra <strong>Visi\u00f3n<\/strong><\/h4>\n\t<\/div>[vc_single_image image=\u00bb10274&#8243; img_size=\u00bbfull\u00bb alignment=\u00bbcenter\u00bb]<hr class=\"vertical-space2\">[vc_column_text]En E A S poseemos una cultura de investigaci\u00f3n, innovaci\u00f3n y calidad en todo lo que realizamos, siendo socialmente responsables, vincul\u00e1ndonos y optimizando la utilizaci\u00f3n de las Tecnolog\u00edas de Informaci\u00f3n y Comunicaci\u00f3n, la automatizaci\u00f3n de procesos para la integraci\u00f3n de nuestros clientes al mundo global y el conocimiento.[\/vc_column_text][\/vc_column][\/vc_row][vc_row row_type=\u00bb2&#8243; blox_image=\u00bb9314&#8243; blox_bgcolor=\u00bb#f7f7f7&#8243;][vc_column]<hr class=\"vertical-space4\">[vc_row_inner][vc_column_inner width=\u00bb1\/4&#8243;]<div class=\"m-counter max-counter\" data-effecttype=\"counter\" data-counter=\"1000\"><i class=\"icon-counter none\" style=\"color:#95d666\"><\/i><span class=\"max-count\">1000<\/span><h5>LINEAS DE CODIGO<\/h5><\/div><hr class=\"vertical-space2\">[\/vc_column_inner][vc_column_inner width=\u00bb1\/4&#8243;]<div class=\"m-counter max-counter\" data-effecttype=\"counter\" data-counter=\"60\"><i class=\"icon-counter none\" style=\"color:#95d666\"><\/i><span class=\"max-count\">60<\/span><h5>CLIENTES SATISFECHOS<\/h5><\/div><hr class=\"vertical-space2\">[\/vc_column_inner][vc_column_inner width=\u00bb1\/4&#8243;]<div class=\"m-counter max-counter\" data-effecttype=\"counter\" data-counter=\"110\"><i class=\"icon-counter none\" style=\"color:#95d666\"><\/i><span class=\"max-count\">110<\/span><h5>PROYECTOS REALIZADOS<\/h5><\/div><hr class=\"vertical-space2\">[\/vc_column_inner][vc_column_inner width=\u00bb1\/4&#8243;]<div class=\"m-counter max-counter\" data-effecttype=\"counter\" data-counter=\"2000\"><i class=\"icon-counter none\" style=\"color:#95d666\"><\/i><span class=\"max-count\">2000<\/span><h5>ASESORIAS<\/h5><\/div><hr class=\"vertical-space2\">[\/vc_column_inner][\/vc_row_inner]<hr class=\"vertical-space1\">[\/vc_column][\/vc_row][vc_row][vc_column]<hr class=\"vertical-space3\">\n\t<div class=\"subtitle-element subtitle-element1\">\n\t\t<h4>LO QUE DICEN <strong>NUESTROS CLIENTES<\/strong><\/h4>\n\t<\/div>[testimonial_slider][testimonial_item name=\u00bbNando\u00bb testimonial_content=\u00bb<strong>E A S<\/strong> llega mas all\u00e1 que muchas empresas que brindan servicios web, llevando a una relaci\u00f3n de trabajo casi directa y con la facilidad y compromiso que muchas otras empresas no han superado yo prefiero <strong>E A S<\/strong>\u00ab][\/testimonial_slider][\/vc_column][\/vc_row][vc_row row_type=\u00bb2&#8243; blox_class=\u00bbbottomborder\u00bb blox_bgcolor=\u00bb#f6f8f9&#8243;][vc_column]<hr class=\"vertical-space3\">\n\t<div class=\"subtitle-element subtitle-element1\">\n\t\t<h4>Conozca a <strong>nuestro equipo<\/strong><\/h4>\n\t<\/div><hr class=\"vertical-space1\">[vc_row_inner][vc_column_inner width=\u00bb1\/4&#8243;]\n\t\t\t<article class=\"our-team4\">\n\t\t\t\t<figure>\n\t\t\t\t\t<img decoding=\"async\" src=\"https:\/\/eas.ec\/sitio\/ec\/wp-content\/uploads\/sites\/3\/2019\/09\/imgEquipoLorenzoVinueza.png\" alt=\"Lorenzo Vinueza V.\">\n\t\t\t\t\t\n\t\t\t\t\t\t<figcaption>\n\t\t\t\t\t\t\t<h2>Lorenzo Vinueza V.<\/h2>\n\t\t\t\t\t\t\t<h5>CEO &amp; Founder<\/h5>\n\t\t\t\t\t\t<\/figcaption>\n\t\t\t\t\t\n\t\t\t\t<\/figure>\n\t\t\t\t\n\t\t\t\t<div class=\"social-team\"><\/div>\n\t\t\t<\/article><hr class=\"vertical-space2\">[\/vc_column_inner][vc_column_inner width=\u00bb1\/4&#8243;]\n\t\t\t<article class=\"our-team4\">\n\t\t\t\t<figure>\n\t\t\t\t\t<img decoding=\"async\" src=\"https:\/\/eas.ec\/sitio\/ec\/wp-content\/uploads\/sites\/3\/2017\/12\/imgEquipoMayraCardenas.png\" alt=\"Mayra Cardenas M.\">\n\t\t\t\t\t\n\t\t\t\t\t\t<figcaption>\n\t\t\t\t\t\t\t<h2>Mayra Cardenas M.<\/h2>\n\t\t\t\t\t\t\t<h5> Co-Founder<\/h5>\n\t\t\t\t\t\t<\/figcaption>\n\t\t\t\t\t\n\t\t\t\t<\/figure>\n\t\t\t\t\n\t\t\t\t<div class=\"social-team\"><\/div>\n\t\t\t<\/article><hr class=\"vertical-space2\">[\/vc_column_inner][\/vc_row_inner]<hr class=\"vertical-space2\">[\/vc_column][\/vc_row][vc_row row_type=\u00bb2&#8243; blox_image=\u00bb6440&#8243; blox_dark=\u00bbtrue\u00bb blox_bgcolor=\u00bb#00c2e5&#8243;][vc_column width=\u00bb2\/3&#8243;]<hr class=\"vertical-space2\">[vc_column_text]<\/p>\n<h3 style=\"font-size: 25px; text-transform: uppercase; text-align: center;\">EL MEJOR HOSTING CON EL MEJOR SOPORTE<\/h3>\n<p style=\"text-align: center;\">r\u00e1pido, seguro y confiable para que crezca su su Idea, Empresa o Negocio.<\/p>\n<p>[\/vc_column_text]<hr class=\"vertical-space2\">[\/vc_column][vc_column width=\u00bb1\/3&#8243;]<hr class=\"vertical-space2\"><a href=\"\/sitio\/hosting\" class=\"button white rounded medium bordered-bot \" target=\"_self\">EMPEZAR<\/a>[\/vc_column][\/vc_row][vc_row][vc_column]<hr class=\"vertical-space2\">\n\t<div class=\"subtitle-element subtitle-element1\">\n\t\t<h4>TRABAJAMOS PARA<br \/>\n<strong>CLIENTES INCRE\u00cdBLES<\/strong><\/h4>\n\t<\/div><div class=\"aligncenter\"><hr class=\"vertical-space1\"><div class=\"col-md-12 our-clients-wrap crsl\"><ul id=\"our-clients\" class=\"our-clients crsl\"><li><img decoding=\"async\" alt=\"\" src=\"https:\/\/eas.ec\/sitio\/ec\/wp-content\/uploads\/sites\/3\/2017\/10\/logoRamiaEnterprise.png\"\/><\/li><li><img decoding=\"async\" alt=\"\" src=\"https:\/\/eas.ec\/sitio\/ec\/wp-content\/uploads\/sites\/3\/2017\/10\/logoLosDurosDelTrap.png\"\/><\/li><li><img decoding=\"async\" alt=\"\" src=\"https:\/\/eas.ec\/sitio\/ec\/wp-content\/uploads\/sites\/3\/2017\/10\/logoLaRadioDeDuran.png\"\/><\/li><li><img decoding=\"async\" alt=\"\" src=\"https:\/\/eas.ec\/sitio\/ec\/wp-content\/uploads\/sites\/3\/2017\/10\/logoLan.png\"\/><\/li><li><img decoding=\"async\" alt=\"\" src=\"https:\/\/eas.ec\/sitio\/ec\/wp-content\/uploads\/sites\/3\/2017\/10\/logoGestionSupra.png\"\/><\/li><li><img decoding=\"async\" alt=\"\" src=\"https:\/\/eas.ec\/sitio\/ec\/wp-content\/uploads\/sites\/3\/2017\/10\/logoDnaSpeedometers.png\"\/><\/li><li><img decoding=\"async\" alt=\"\" src=\"https:\/\/eas.ec\/sitio\/ec\/wp-content\/uploads\/sites\/3\/2017\/10\/logoConstructoraMarbe.png\"\/><\/li><li><img decoding=\"async\" alt=\"\" src=\"https:\/\/eas.ec\/sitio\/ec\/wp-content\/uploads\/sites\/3\/2016\/01\/logoUniversidadInternacionalEuroamericana.png\"\/><\/li><\/ul><\/div><hr class=\"vertical-space2\"><\/div><hr class=\"vertical-space1\">[\/vc_column][\/vc_row]<\/p>\n","protected":false},"excerpt":{"rendered":"<p>[vc_row row_type=\u00bb2&#8243; blox_height=\u00bb340&#8243; blox_image=\u00bb6365&#8243; blox_cover=\u00bbfalse\u00bb page_title=\u00bbpage-title-x\u00bb blox_dark=\u00bbtrue\u00bb row_pattern=\u00bbmax-pat2&#8243;][vc_column][vc_column_text el_class=\u00bbaligncenter\u00bb] Nosotros \u00a0E A S [\/vc_column_text][\/vc_column][\/vc_row][vc_row][vc_column][vc_column_text] M\u00e1s que clientes tenemos amigos satisfechos de la asesor\u00eda y del servicio tecnol\u00f3gico personalizado que les brindamos. [\/vc_column_text][\/vc_column][\/vc_row][vc_row][vc_column width=\u00bb1\/2&#8243;][vc_single_image image=\u00bb2151&#8243; img_size=\u00bbfull\u00bb alignment=\u00bbcenter\u00bb][vc_column_text]Iniciamos nuestras labores en el a\u00f1o 2002, dando servicio a usuarios finales y peque\u00f1as empresas, durante este tiempo hemos tenido grandes cambios a nivel estructural, Imagen Corporativa y de Marca dando como resultado final el nacimiento de E A S, actualmente tenemos presencia en Guayaquil &#8211; Ecuador y Texas &#8211; USA.[\/vc_column_text][\/vc_column][vc_column width=\u00bb1\/2&#8243;][vc_single_image image=\u00bb10270&#8243; img_size=\u00bbfull\u00bb alignment=\u00bbcenter\u00bb][vc_column_text]Nuestro personal es alta mente calificado y cualificado con una gran experiencia de trabajos, soportes, capacitaci\u00f3n a usuarios, desarrollo web, software a medida y modernizaci\u00f3n de procesos de negocios realizados con y para empresas, productos y sistemas inform\u00e1ticos nacionales y extranjeros tales como: INTEL, HP, IBM, LEXMARK, LINKSYS, DLINK, XTRATECH, BENQ, XEROX, PHP, MySQL, Fundaci\u00f3n San Luis, DNA Speddo Meters, entre otros. As\u00ed fuimos creciendo e implementando la Tecnolog\u00eda que nuestros clientes necesitan.[\/vc_column_text][\/vc_column][\/vc_row][vc_row][vc_column width=\u00bb1\/2&#8243;][vc_single_image image=\u00bb10273&#8243; img_size=\u00bbfull\u00bb alignment=\u00bbcenter\u00bb][vc_column_text]Ayudar a nuestros clientes a hacer el mejor uso de las Tecnolog\u00edas de la Informaci\u00f3n y Comunicaci\u00f3n y su convergencia, provey\u00e9ndoles asistencia t\u00e9cnica y funcional para sus consultas, requerimientos o problemas, adquisici\u00f3n de Hardware o Software, desarrollo web y software a la medida, modernizaci\u00f3n de sus procesos de negocios y sobre todo un respaldo tecnol\u00f3gico eficiente.[\/vc_column_text][\/vc_column][vc_column width=\u00bb1\/2&#8243;][vc_single_image image=\u00bb10274&#8243; img_size=\u00bbfull\u00bb alignment=\u00bbcenter\u00bb][vc_column_text]En E A S poseemos una cultura de investigaci\u00f3n, innovaci\u00f3n y calidad en todo lo que realizamos, siendo socialmente responsables, vincul\u00e1ndonos y optimizando la utilizaci\u00f3n de las Tecnolog\u00edas de Informaci\u00f3n y Comunicaci\u00f3n, la automatizaci\u00f3n de procesos para la integraci\u00f3n de nuestros clientes al mundo global y el conocimiento.[\/vc_column_text][\/vc_column][\/vc_row][vc_row row_type=\u00bb2&#8243; blox_image=\u00bb9314&#8243; blox_bgcolor=\u00bb#f7f7f7&#8243;][vc_column][vc_row_inner][vc_column_inner width=\u00bb1\/4&#8243;][\/vc_column_inner][vc_column_inner width=\u00bb1\/4&#8243;][\/vc_column_inner][vc_column_inner width=\u00bb1\/4&#8243;][\/vc_column_inner][vc_column_inner width=\u00bb1\/4&#8243;][\/vc_column_inner][\/vc_row_inner][\/vc_column][\/vc_row][vc_row][vc_column][testimonial_slider][testimonial_item name=\u00bbNando\u00bb testimonial_content=\u00bbE A S llega mas all\u00e1 que muchas empresas que brindan servicios web, llevando a una relaci\u00f3n de trabajo casi&#8230; <\/p>\n<p><a class=\"readmore\" href=\"https:\/\/eas.ec\/sitio\/ec\/nosotros\/\">Seguir Leyendo<\/a><\/p>\n","protected":false},"author":1,"featured_media":0,"parent":0,"menu_order":0,"comment_status":"closed","ping_status":"closed","template":"","meta":{"_joinchat":[],"footnotes":""},"class_list":["post-6522","page","type-page","status-publish","hentry"],"_links":{"self":[{"href":"https:\/\/eas.ec\/sitio\/ec\/wp-json\/wp\/v2\/pages\/6522","targetHints":{"allow":["GET"]}}],"collection":[{"href":"https:\/\/eas.ec\/sitio\/ec\/wp-json\/wp\/v2\/pages"}],"about":[{"href":"https:\/\/eas.ec\/sitio\/ec\/wp-json\/wp\/v2\/types\/page"}],"author":[{"embeddable":true,"href":"https:\/\/eas.ec\/sitio\/ec\/wp-json\/wp\/v2\/users\/1"}],"replies":[{"embeddable":true,"href":"https:\/\/eas.ec\/sitio\/ec\/wp-json\/wp\/v2\/comments?post=6522"}],"version-history":[{"count":76,"href":"https:\/\/eas.ec\/sitio\/ec\/wp-json\/wp\/v2\/pages\/6522\/revisions"}],"predecessor-version":[{"id":11112,"href":"https:\/\/eas.ec\/sitio\/ec\/wp-json\/wp\/v2\/pages\/6522\/revisions\/11112"}],"wp:attachment":[{"href":"https:\/\/eas.ec\/sitio\/ec\/wp-json\/wp\/v2\/media?parent=6522"}],"curies":[{"name":"wp","href":"https:\/\/api.w.org\/{rel}","templated":true}]}}