{"id":10351,"date":"2017-12-26T13:45:17","date_gmt":"2017-12-26T18:45:17","guid":{"rendered":"http:\/\/eas.ec\/sitio\/?page_id=10351"},"modified":"2020-06-29T16:00:27","modified_gmt":"2020-06-29T21:00:27","slug":"it-support-plans","status":"publish","type":"page","link":"https:\/\/eas.ec\/sitio\/it-support-plans\/","title":{"rendered":"IT Support Plans"},"content":{"rendered":"<p>[vc_row][vc_column]\n\t<div class=\"subtitle-element subtitle-element1\">\n\t\t<h4>Planes de Soporte IT (Help Desk)<\/h4>\n\t<\/div>[vc_column_text]El Soporte T\u00e9cnico IT (Help Desk) consiste en la prestaci\u00f3n de servicios de mantenimiento t\u00e9cnico\u00a0<a href=\"http:\/\/eas.ec\/sitio\/soporte-it\"><strong>preventivo<\/strong><\/a>\u00a0y\u00a0<a href=\"http:\/\/eas.ec\/sitio\/soporte-it\"><strong>correctivo<\/strong><\/a>\u00a0sobre sus sistemas, de una manera permanente durante un per\u00edodo continuo y predefinido.<\/p>\n<p>De una forma estructurada y organizada EAS le ofrece la posibilidad de contratar un servicio que se encargue \u00edntegramente de su sistema inform\u00e1tico, con un control continuo y exhaustivo de todas sus configuraciones de: sistemas operativos, software, servidores, impresoras, redes, etc&#8230;<\/p>\n<p>Usted siempre podr\u00e1 conocer el estado actual de su infraestructura inform\u00e1tica y obtener un informe de incidencias y cada caso de actualizaciones y mejoras.<\/p>\n<p align=\"left\">Este servicio incluye:<\/p>\n<p>[\/vc_column_text][vc_row_inner][vc_column_inner width=&#8221;1\/3&#8243;]<ul class=\"check\" ><li class=\"\">Soporte Telef\u00f3nico<\/li><\/ul><ul class=\"check\" ><li class=\"\">Soporte E-mail<\/li><\/ul>[\/vc_column_inner][vc_column_inner width=&#8221;1\/3&#8243;]<ul class=\"check\" ><li class=\"\">Soporte Web (chat)<\/li><\/ul><ul class=\"check\" ><li class=\"\">Soporte Remoto<\/li><\/ul>[\/vc_column_inner][vc_column_inner width=&#8221;1\/3&#8243;]<ul class=\"check\" ><li class=\"\">Soporte IT (Mantenimiento Preventivo y Mantenimiento Correctivo)<\/li><\/ul><ul class=\"check\" ><li class=\"\">Soporte OnSite (Visita T\u00e9cnica)<\/li><\/ul>[\/vc_column_inner][\/vc_row_inner][\/vc_column][\/vc_row][vc_row][vc_column width=&#8221;1\/2&#8243;][vc_tta_tabs][vc_tta_section title=&#8221;Plan SOHO&#8221; tab_id=&#8221;1514316679953-968648c4-570c&#8221;][vc_row_inner][vc_column_inner][vc_column_text]<\/p>\n<table border=\"0\" width=\"539\" cellspacing=\"2\" cellpadding=\"2\" align=\"center\" bgcolor=\"#ffffff\">\n<tbody>\n<tr>\n<td width=\"147\"><\/td>\n<td class=\"cuerpo\" bgcolor=\"#f49309\" width=\"378\">\n<div align=\"center\"><span style=\"color: #ffffff;\"><b>Plan SOHO<\/b><\/span><\/div>\n<div align=\"center\"><\/div>\n<\/td>\n<\/tr>\n<tr>\n<td class=\"cuerpo\" bgcolor=\"#E2E2E2\"><strong>Descripci\u00f3n<\/strong><img decoding=\"async\" class=\"img_selected\" src=\"http:\/\/eas.ec\/ant\/imagenes\/titulares\/tit_plan_hd.gif\" align=\"left\" border=\"0\" hspace=\"20\" vspace=\"20\" \/><\/td>\n<td class=\"cuerpo\" valign=\"top\">\n<p class=\"s2\">Podra utilizar todos los servicios de HelpDesk incluido el desplazamiento de un t\u00e9cnico especialista en hardware y software de PC a su empresa o domicilio en horario laboral.<\/p>\n<\/td>\n<\/tr>\n<tr>\n<td class=\"cuerpo\" bgcolor=\"#E2E2E2\"><strong>N\u00ba de Computadores<\/strong><\/td>\n<td class=\"cuerpo_titulo\"><strong><span style=\"color: #1b5891;\">Desde 1 Hasta 5 Computadores<\/span><\/strong><\/td>\n<\/tr>\n<tr>\n<td class=\"cuerpo\" bgcolor=\"#E2E2E2\"><strong>Servicios incluidos<\/strong><\/td>\n<td class=\"cuerpo\"><strong>Soporte Telef\u00f3nico:<\/strong>\u00a020 llamadas al mes<br \/>\n<strong>Soporte E-mai:<\/strong>\u00a0100 e-mails al mes<br \/>\n<strong>Soporte Web (chat):<\/strong>\u00a0100 sesiones de chat al mes<br \/>\n<strong>Soporte Remoto:<\/strong>\u00a0100 sesiones remotas al mes<br \/>\n<strong>Soporte OnSite:<\/strong>\u00a04 visitas t<span class=\"s2\">\u00e9<\/span>cnicas al mes<\/td>\n<\/tr>\n<tr>\n<td class=\"cuerpo\" bgcolor=\"#E2E2E2\"><strong>Condiciones<\/strong><\/td>\n<td class=\"cuerpo\">Los servicios no son acumulables.<\/td>\n<\/tr>\n<tr>\n<td class=\"cuerpo\" bgcolor=\"#E2E2E2\"><strong>Horario de servicio<\/strong><\/td>\n<td class=\"cuerpo\">9:00 a 18:00 hrs., de lunes a viernes, excepto festivos (previo acuerdo).<\/td>\n<\/tr>\n<tr>\n<td class=\"cuerpo\" bgcolor=\"#E2E2E2\"><strong>Extras<\/strong><\/td>\n<td class=\"cuerpo\">Hasta 3 perif\u00e9ricos (Impresora, Scanner, etc, no Computadoras) adicionales.<\/td>\n<\/tr>\n<tr>\n<td class=\"cuerpo\" bgcolor=\"#E2E2E2\"><strong>Cobertura<\/strong><\/td>\n<td class=\"cuerpo\">Guayaquil y \u00e1reas cercanas.<\/td>\n<\/tr>\n<tr>\n<td class=\"cuerpo\" bgcolor=\"#E2E2E2\"><strong>Desplazamiento<\/strong><\/td>\n<td class=\"cuerpo\">Guayaquil y \u00e1reas cercanas gratuito, areas lejanas se adiciona pasaje.<\/td>\n<\/tr>\n<tr>\n<td class=\"cuerpo\" bgcolor=\"#E2E2E2\"><strong>Adicional<\/strong><\/td>\n<td class=\"cuerpo\">Se cobra por perif\u00e9ricos (Impresora, Scanner, etc, no Computadoras) adicionales 10$<\/td>\n<\/tr>\n<tr>\n<td class=\"cuerpo\" bgcolor=\"#E2E2E2\"><strong>Garant\u00eda<\/strong><\/td>\n<td class=\"cuerpo\">Les ayudamos con sus respaldos, ya que muchas empresas que hacen servicios, les borran la informaci\u00f3n sin prevenir a la gente.<\/td>\n<\/tr>\n<tr>\n<td class=\"cuerpo\" bgcolor=\"#E2E2E2\"><strong>Forma de pago<\/strong><\/td>\n<td class=\"cuerpo\"><strong>Dep\u00f3sito\/Transferencia Bancaria<\/strong>\u00a0o al contado.<\/td>\n<\/tr>\n<tr>\n<td class=\"cuerpo\" bgcolor=\"#E2E2E2\"><strong>Precio<\/strong><\/td>\n<td class=\"cuerpo_titulo_mayor\">\n<div align=\"center\"><strong><span style=\"color: #ff6600;\">30$ c\/Computador al Mes.<\/span><\/strong><\/div>\n<\/td>\n<\/tr>\n<tr valign=\"middle\">\n<td colspan=\"2\" valign=\"middle\" bgcolor=\"#E2E2E2\">\n<div align=\"right\"><span class=\"cuerpo\">Llame ahora al\u00a0<\/span><span class=\"cuerpo_titulo_xl\"><span style=\"color: #ff6600;\"><strong>096 094 66 25<\/strong><\/span><\/span><\/div>\n<\/td>\n<\/tr>\n<\/tbody>\n<\/table>\n<p>[\/vc_column_text][\/vc_column_inner][\/vc_row_inner][\/vc_tta_section][vc_tta_section title=&#8221;Pan PYME&#8221; tab_id=&#8221;1514316680054-5cfcb520-b73e&#8221;][vc_row_inner][vc_column_inner][vc_column_text]<\/p>\n<table border=\"0\" width=\"539\" cellspacing=\"2\" cellpadding=\"2\" align=\"center\" bgcolor=\"#ffffff\">\n<tbody>\n<tr>\n<td width=\"147\"><\/td>\n<td class=\"cuerpo\" bgcolor=\"#f49309\" width=\"378\">\n<div align=\"center\"><span style=\"color: #ffffff;\"><b>Plan PYME<\/b><\/span><\/div>\n<div align=\"center\"><\/div>\n<\/td>\n<\/tr>\n<tr>\n<td class=\"cuerpo\" bgcolor=\"#E2E2E2\"><strong>Descripci\u00f3n<\/strong><img decoding=\"async\" class=\"img_selected\" src=\"http:\/\/eas.ec\/ant\/imagenes\/titulares\/tit_plan_hd.gif\" align=\"left\" border=\"0\" hspace=\"20\" vspace=\"20\" \/><\/td>\n<td class=\"cuerpo\" valign=\"top\">\n<p class=\"s2\">Podra utilizar todos los servicios de HelpDesk incluido el desplazamiento de un t\u00e9cnico especialista en hardware y software de PC a su empresa o domicilio en horario laboral.<\/p>\n<\/td>\n<\/tr>\n<tr>\n<td class=\"cuerpo\" bgcolor=\"#E2E2E2\"><strong>N\u00ba de Computadores<\/strong><\/td>\n<td class=\"cuerpo_titulo\"><strong><span style=\"color: #1b5891;\">Desde 6 Hasta 10 Computadores<\/span><\/strong><\/td>\n<\/tr>\n<tr>\n<td class=\"cuerpo\" bgcolor=\"#E2E2E2\"><strong>Servicios incluidos<\/strong><\/td>\n<td class=\"cuerpo\"><strong>Soporte Telef\u00f3nico:<\/strong>\u00a090 llamadas al mes<br \/>\n<strong>Soporte E-mai:<\/strong>\u00a0170 e-mails al mes<br \/>\n<strong>Soporte Web (chat):<\/strong>\u00a0170 sesiones de chat al mes<br \/>\n<strong>Soporte Remoto:<\/strong>\u00a0170 sesiones remotas al mes<br \/>\n<strong>Soporte OnSite:<\/strong>\u00a09 visitas t<span class=\"s2\">\u00e9<\/span>cnicas al mes<\/td>\n<\/tr>\n<tr>\n<td class=\"cuerpo\" bgcolor=\"#E2E2E2\"><strong>Condiciones<\/strong><\/td>\n<td class=\"cuerpo\">Los servicios no son acumulables.<\/td>\n<\/tr>\n<tr>\n<td class=\"cuerpo\" bgcolor=\"#E2E2E2\"><strong>Horario de servicio<\/strong><\/td>\n<td class=\"cuerpo\">9:00 a 18:00 hrs., de lunes a viernes, excepto festivos (previo acuerdo).<\/td>\n<\/tr>\n<tr>\n<td class=\"cuerpo\" bgcolor=\"#E2E2E2\"><strong>Extras<\/strong><\/td>\n<td class=\"cuerpo\">Hasta 3 perif\u00e9ricos (Impresora, Scanner, etc, no Computadoras) adicionales.<\/td>\n<\/tr>\n<tr>\n<td class=\"cuerpo\" bgcolor=\"#E2E2E2\"><strong>Cobertura<\/strong><\/td>\n<td class=\"cuerpo\">Guayaquil y \u00e1reas cercanas.<\/td>\n<\/tr>\n<tr>\n<td class=\"cuerpo\" bgcolor=\"#E2E2E2\"><strong>Desplazamiento<\/strong><\/td>\n<td class=\"cuerpo\">Guayaquil y \u00e1reas cercanas gratuito, areas lejanas se adiciona pasaje.<\/td>\n<\/tr>\n<tr>\n<td class=\"cuerpo\" bgcolor=\"#E2E2E2\"><strong>Adicional<\/strong><\/td>\n<td class=\"cuerpo\">Se cobra por perif\u00e9ricos (Impresora, Scanner, etc, no Computadoras) adicionales 10$<\/td>\n<\/tr>\n<tr>\n<td class=\"cuerpo\" bgcolor=\"#E2E2E2\"><strong>Garant\u00eda<\/strong><\/td>\n<td class=\"cuerpo\">Les ayudamos con sus respaldos, ya que muchas empresas que hacen servicios, les borran la informaci\u00f3n sin prevenir a la gente.<\/td>\n<\/tr>\n<tr>\n<td class=\"cuerpo\" bgcolor=\"#E2E2E2\"><strong>Forma de pago<\/strong><\/td>\n<td class=\"cuerpo\"><strong>Dep\u00f3sito\/Transferencia Bancaria<\/strong>\u00a0o al contado.<\/td>\n<\/tr>\n<tr>\n<td class=\"cuerpo\" bgcolor=\"#E2E2E2\"><strong>Precio<\/strong><\/td>\n<td class=\"cuerpo_titulo_mayor\">\n<div align=\"center\"><strong><span style=\"color: #ff6600;\">25$ c\/Computador al Mes.<\/span><\/strong><\/div>\n<\/td>\n<\/tr>\n<tr>\n<td colspan=\"2\" bgcolor=\"#E2E2E2\">\n<div align=\"right\"><span class=\"cuerpo\">Llame ahora al<\/span>\u00a0<span class=\"cuerpo_titulo_xl\"><span style=\"color: #ff6600;\"><strong>096 094 66 25<\/strong><\/span><\/span><\/div>\n<\/td>\n<\/tr>\n<\/tbody>\n<\/table>\n<p>[\/vc_column_text][\/vc_column_inner][\/vc_row_inner][\/vc_tta_section][vc_tta_section title=&#8221;Plan MICROEMPRESA&#8221; tab_id=&#8221;1514316934067-16565157-ed88&#8243;][vc_row_inner][vc_column_inner][vc_column_text]<\/p>\n<table border=\"0\" width=\"539\" cellspacing=\"2\" cellpadding=\"2\" align=\"center\" bgcolor=\"#ffffff\">\n<tbody>\n<tr>\n<td width=\"147\"><\/td>\n<td class=\"cuerpo\" bgcolor=\"#f49309\" width=\"378\">\n<div align=\"center\"><span style=\"color: #ffffff;\"><b>Plan MICROEMPRESA<\/b><\/span><\/div>\n<div align=\"center\"><\/div>\n<\/td>\n<\/tr>\n<tr>\n<td class=\"cuerpo\" bgcolor=\"#E2E2E2\"><strong>Descripci\u00f3n<\/strong><img decoding=\"async\" class=\"img_selected\" src=\"http:\/\/eas.ec\/ant\/imagenes\/titulares\/tit_plan_hd.gif\" align=\"left\" border=\"0\" hspace=\"20\" vspace=\"20\" \/><\/td>\n<td class=\"cuerpo\" valign=\"top\">\n<p class=\"s2\">Podra utilizar todos los servicios de HelpDesk incluido el desplazamiento de un t\u00e9cnico especialista en hardware y software de PC a su empresa o domicilio en horario laboral.<\/p>\n<\/td>\n<\/tr>\n<tr>\n<td class=\"cuerpo\" bgcolor=\"#E2E2E2\"><strong>N\u00ba de Computadores<\/strong><\/td>\n<td class=\"cuerpo_titulo\"><strong><span style=\"color: #1b5891;\">Desde 11 Hasta 15 Computadores<\/span><\/strong><\/td>\n<\/tr>\n<tr>\n<td class=\"cuerpo\" bgcolor=\"#E2E2E2\"><strong>Servicios incluidos<\/strong><\/td>\n<td class=\"cuerpo\"><strong>Soporte Telef\u00f3nico:<\/strong>\u00a0160 llamadas al mes<br \/>\n<strong>Soporte E-mai:<\/strong>\u00a0240 e-mails al mes<br \/>\n<strong>Soporte Web (chat):<\/strong>\u00a0240 sesiones de chat al mes<br \/>\n<strong>Soporte Remoto:<\/strong>\u00a0240 sesiones remotas al mes<br \/>\n<strong>Soporte OnSite:<\/strong>\u00a014 visitas t<span class=\"s2\">\u00e9<\/span>cnicas al mes<\/td>\n<\/tr>\n<tr>\n<td class=\"cuerpo\" bgcolor=\"#E2E2E2\"><strong>Condiciones<\/strong><\/td>\n<td class=\"cuerpo\">Los servicios no son acumulables.<\/td>\n<\/tr>\n<tr>\n<td class=\"cuerpo\" bgcolor=\"#E2E2E2\"><strong>Horario de servicio<\/strong><\/td>\n<td class=\"cuerpo\">9:00 a 18:00 hrs., de lunes a viernes, excepto festivos (previo acuerdo).<\/td>\n<\/tr>\n<tr>\n<td class=\"cuerpo\" bgcolor=\"#E2E2E2\"><strong>Extras<\/strong><\/td>\n<td class=\"cuerpo\">Hasta 3 perif\u00e9ricos (Impresora, Scanner, etc, no Computadoras) adicionales.<\/td>\n<\/tr>\n<tr>\n<td class=\"cuerpo\" bgcolor=\"#E2E2E2\"><strong>Cobertura<\/strong><\/td>\n<td class=\"cuerpo\">Guayaquil y \u00e1reas cercanas.<\/td>\n<\/tr>\n<tr>\n<td class=\"cuerpo\" bgcolor=\"#E2E2E2\"><strong>Desplazamiento<\/strong><\/td>\n<td class=\"cuerpo\">Guayaquil y \u00e1reas cercanas gratuito, areas lejanas se adiciona pasaje.<\/td>\n<\/tr>\n<tr>\n<td class=\"cuerpo\" bgcolor=\"#E2E2E2\"><strong>Adicional<\/strong><\/td>\n<td class=\"cuerpo\">Se cobra por perif\u00e9ricos (Impresora, Scanner, etc, no Computadoras) adicionales 10$<\/td>\n<\/tr>\n<tr>\n<td class=\"cuerpo\" bgcolor=\"#E2E2E2\"><strong>Garant\u00eda<\/strong><\/td>\n<td class=\"cuerpo\">Les ayudamos con sus respaldos, ya que muchas empresas que hacen servicios, les borran la informaci\u00f3n sin prevenir a la gente.<\/td>\n<\/tr>\n<tr>\n<td class=\"cuerpo\" bgcolor=\"#E2E2E2\"><strong>Forma de pago<\/strong><\/td>\n<td class=\"cuerpo\"><strong>Dep\u00f3sito\/Transferencia Bancaria<\/strong>\u00a0o al contado.<\/td>\n<\/tr>\n<tr>\n<td class=\"cuerpo\" bgcolor=\"#E2E2E2\"><strong>Precio<\/strong><\/td>\n<td class=\"cuerpo_titulo_mayor\">\n<div align=\"center\"><strong><span style=\"color: #ff6600;\">20$ c\/Computador al Mes.<\/span><\/strong><\/div>\n<\/td>\n<\/tr>\n<tr>\n<td colspan=\"2\" bgcolor=\"#E2E2E2\">\n<div align=\"right\"><span class=\"cuerpo\">Llame ahora al<\/span>\u00a0<span class=\"cuerpo_titulo_xl\"><span style=\"color: #ff6600;\"><strong>096 094 66 25<\/strong><\/span><\/span><\/div>\n<\/td>\n<\/tr>\n<\/tbody>\n<\/table>\n<p>[\/vc_column_text][\/vc_column_inner][\/vc_row_inner][\/vc_tta_section][vc_tta_section title=&#8221;Plan EMPRESARIAL&#8221; tab_id=&#8221;1514316942128-f579e08b-27bd&#8221;][vc_row_inner][vc_column_inner][vc_column_text]<\/p>\n<table border=\"0\" width=\"539\" cellspacing=\"2\" cellpadding=\"2\" align=\"center\" bgcolor=\"#ffffff\">\n<tbody>\n<tr>\n<td width=\"147\"><\/td>\n<td class=\"cuerpo\" bgcolor=\"#f49309\" width=\"378\">\n<div align=\"center\"><span style=\"color: #ffffff;\"><b>Plan Empresarial<\/b><\/span><\/div>\n<div align=\"center\"><\/div>\n<\/td>\n<\/tr>\n<tr>\n<td class=\"cuerpo\" bgcolor=\"#E2E2E2\"><strong>Descripci\u00f3n<\/strong><img decoding=\"async\" class=\"img_selected\" src=\"http:\/\/eas.ec\/ant\/imagenes\/titulares\/tit_plan_hd.gif\" align=\"left\" border=\"0\" hspace=\"20\" vspace=\"20\" \/><\/td>\n<td class=\"cuerpo\" valign=\"top\">\n<p class=\"s2\">Podra utilizar todos los servicios de HelpDesk incluido el desplazamiento de un t\u00e9cnico especialista en hardware y software de PC a su empresa o domicilio en horario laboral.<\/p>\n<\/td>\n<\/tr>\n<tr>\n<td class=\"cuerpo\" bgcolor=\"#E2E2E2\"><strong>N\u00ba de Computadores<\/strong><\/td>\n<td class=\"cuerpo_titulo\"><strong><span style=\"color: #1b5891;\">Desde 16 Hasta 20 Computadores<\/span><\/strong><\/td>\n<\/tr>\n<tr>\n<td class=\"cuerpo\" bgcolor=\"#E2E2E2\"><strong>Servicios incluidos<\/strong><\/td>\n<td class=\"cuerpo\"><strong>Soporte Telef\u00f3nico:<\/strong>\u00a0230 llamadas al mes<br \/>\n<strong>Soporte E-mai:<\/strong>\u00a0310 e-mails al mes<br \/>\n<strong>Soporte Web (chat):<\/strong>\u00a0310 sesiones de chat al mes<br \/>\n<strong>Soporte Remoto:<\/strong>\u00a0310 sesiones remotas al mes<br \/>\n<strong>Soporte OnSite:<\/strong>\u00a019 visitas t<span class=\"s2\">\u00e9<\/span>cnicas al mes<\/td>\n<\/tr>\n<tr>\n<td class=\"cuerpo\" bgcolor=\"#E2E2E2\"><strong>Condiciones<\/strong><\/td>\n<td class=\"cuerpo\">Los servicios no son acumulables.<\/td>\n<\/tr>\n<tr>\n<td class=\"cuerpo\" bgcolor=\"#E2E2E2\"><strong>Horario de servicio<\/strong><\/td>\n<td class=\"cuerpo\">9:00 a 18:00 hrs., de lunes a viernes, excepto festivos (previo acuerdo).<\/td>\n<\/tr>\n<tr>\n<td class=\"cuerpo\" bgcolor=\"#E2E2E2\"><strong>Extras<\/strong><\/td>\n<td class=\"cuerpo\">Hasta 3 perif\u00e9ricos (Impresora, Scanner, etc, no Computadoras) adicionales.<\/td>\n<\/tr>\n<tr>\n<td class=\"cuerpo\" bgcolor=\"#E2E2E2\"><strong>Cobertura<\/strong><\/td>\n<td class=\"cuerpo\">Guayaquil y \u00e1reas cercanas.<\/td>\n<\/tr>\n<tr>\n<td class=\"cuerpo\" bgcolor=\"#E2E2E2\"><strong>Desplazamiento<\/strong><\/td>\n<td class=\"cuerpo\">Guayaquil y \u00e1reas cercanas gratuito, areas lejanas se adiciona pasaje.<\/td>\n<\/tr>\n<tr>\n<td class=\"cuerpo\" bgcolor=\"#E2E2E2\"><strong>Adicional<\/strong><\/td>\n<td class=\"cuerpo\">Se cobra por perif\u00e9ricos (Impresora, Scanner, etc, no Computadoras) adicionales 10$<\/td>\n<\/tr>\n<tr>\n<td class=\"cuerpo\" bgcolor=\"#E2E2E2\"><strong>Garant\u00eda<\/strong><\/td>\n<td class=\"cuerpo\">Les ayudamos con sus respaldos, ya que muchas empresas que hacen servicios, les borran la informaci\u00f3n sin prevenir a la gente.<\/td>\n<\/tr>\n<tr>\n<td class=\"cuerpo\" bgcolor=\"#E2E2E2\"><strong>Forma de pago<\/strong><\/td>\n<td class=\"cuerpo\"><strong>Dep\u00f3sito\/Transferencia Bancaria<\/strong>\u00a0o al contado.<\/td>\n<\/tr>\n<tr>\n<td class=\"cuerpo\" bgcolor=\"#E2E2E2\"><strong>Precio<\/strong><\/td>\n<td class=\"cuerpo_titulo_mayor\">\n<div align=\"center\"><strong><span style=\"color: #ff6600;\">15$ c\/Computador al Mes.<\/span><\/strong><\/div>\n<\/td>\n<\/tr>\n<tr>\n<td colspan=\"2\" bgcolor=\"#E2E2E2\">\n<div align=\"right\"><span class=\"cuerpo\">Llame ahora al<\/span>\u00a0<span class=\"cuerpo_titulo_xl\"><span style=\"color: #ff6600;\"><strong>096 094 66 25<\/strong><\/span><\/span><\/div>\n<\/td>\n<\/tr>\n<\/tbody>\n<\/table>\n<p>[\/vc_column_text][\/vc_column_inner][\/vc_row_inner][\/vc_tta_section][\/vc_tta_tabs][\/vc_column][vc_column width=&#8221;1\/2&#8243;][vc_column_text]<\/p>\n<h6><strong>NOTA IMPORTANTE<\/strong><\/h6>\n<p><b>* Somos los \u00fanicos\u00a0que les ayudamos con sus respaldos, ya que muchas empresas que hacen servicios, les borran la informaci\u00f3n sin prevenir a la gente.<\/b>[\/vc_column_text]<p class=\"wpcf7-contact-form-not-found\"><strong>Error:<\/strong> Contact form not found.<\/p>[vc_single_image image=&#8221;10290&#8243; img_size=&#8221;full&#8221;][\/vc_column][\/vc_row][vc_row king_class=&#8221;client_logos&#8221;][vc_column]<hr class=\"vertical-space1\">\n\t<div class=\"subtitle-element subtitle-element1\">\n\t\t<h4>TRABAJAMOS PARA<br \/>\n<strong>CLIENTES INCRE\u00cdBLES<\/strong><\/h4>\n\t<\/div><div class=\"aligncenter\"><hr class=\"vertical-space1\"><div class=\"col-md-12 our-clients-wrap crsl\"><ul id=\"our-clients\" class=\"our-clients crsl\"><li><img decoding=\"async\" alt=\"\" src=\"https:\/\/eas.ec\/sitio\/wp-content\/uploads\/2017\/10\/logoRamiaEnterprise.png\"\/><\/li><li><img decoding=\"async\" alt=\"\" src=\"https:\/\/eas.ec\/sitio\/wp-content\/uploads\/2017\/10\/logoLosDurosDelTrap.png\"\/><\/li><li><img decoding=\"async\" alt=\"\" src=\"https:\/\/eas.ec\/sitio\/wp-content\/uploads\/2017\/10\/logoLaRadioDeDuran.png\"\/><\/li><li><img decoding=\"async\" alt=\"\" src=\"https:\/\/eas.ec\/sitio\/wp-content\/uploads\/2017\/10\/logoLan.png\"\/><\/li><li><img decoding=\"async\" alt=\"\" src=\"https:\/\/eas.ec\/sitio\/wp-content\/uploads\/2017\/10\/logoGestionSupra.png\"\/><\/li><li><img decoding=\"async\" alt=\"\" src=\"https:\/\/eas.ec\/sitio\/wp-content\/uploads\/2017\/10\/logoDnaSpeedometers.png\"\/><\/li><li><img decoding=\"async\" alt=\"\" src=\"https:\/\/eas.ec\/sitio\/wp-content\/uploads\/2017\/10\/logoConstructoraMarbe.png\"\/><\/li><li><img decoding=\"async\" alt=\"\" src=\"https:\/\/eas.ec\/sitio\/wp-content\/uploads\/2016\/01\/logoUniversidadInternacionalEuroamericana.png\"\/><\/li><\/ul><\/div><hr class=\"vertical-space2\"><\/div><hr class=\"vertical-space1\">[\/vc_column][\/vc_row]<\/p>\n","protected":false},"excerpt":{"rendered":"<p>[vc_row][vc_column][vc_column_text]El Soporte T\u00e9cnico IT (Help Desk) consiste en la prestaci\u00f3n de servicios de mantenimiento t\u00e9cnico\u00a0preventivo\u00a0y\u00a0correctivo\u00a0sobre sus sistemas, de una manera permanente durante un per\u00edodo continuo y predefinido. De una forma estructurada y organizada EAS le ofrece la posibilidad de contratar un servicio que se encargue \u00edntegramente de su sistema inform\u00e1tico, con un control continuo y exhaustivo de todas sus configuraciones de: sistemas operativos, software, servidores, impresoras, redes, etc&#8230; Usted siempre podr\u00e1 conocer el estado actual de su infraestructura inform\u00e1tica y obtener un informe de incidencias y cada caso de actualizaciones y mejoras. Este servicio incluye: [\/vc_column_text][vc_row_inner][vc_column_inner width=&#8221;1\/3&#8243;][\/vc_column_inner][vc_column_inner width=&#8221;1\/3&#8243;][\/vc_column_inner][vc_column_inner width=&#8221;1\/3&#8243;][\/vc_column_inner][\/vc_row_inner][\/vc_column][\/vc_row][vc_row][vc_column width=&#8221;1\/2&#8243;][vc_tta_tabs][vc_tta_section title=&#8221;Plan SOHO&#8221; tab_id=&#8221;1514316679953-968648c4-570c&#8221;][vc_row_inner][vc_column_inner][vc_column_text] Plan SOHO Descripci\u00f3n Podra utilizar todos los servicios de HelpDesk incluido el desplazamiento de un t\u00e9cnico especialista en hardware y software de PC a su empresa o domicilio en horario laboral. N\u00ba de Computadores Desde 1 Hasta 5 Computadores Servicios incluidos Soporte Telef\u00f3nico:\u00a020 llamadas al mes Soporte E-mai:\u00a0100 e-mails al mes Soporte Web (chat):\u00a0100 sesiones de chat al mes Soporte Remoto:\u00a0100 sesiones remotas al mes Soporte OnSite:\u00a04 visitas t\u00e9cnicas al mes Condiciones Los servicios no son acumulables. Horario de servicio 9:00 a 18:00 hrs., de lunes a viernes, excepto festivos (previo acuerdo). Extras Hasta 3 perif\u00e9ricos (Impresora, Scanner, etc, no Computadoras) adicionales. Cobertura Guayaquil y \u00e1reas cercanas. Desplazamiento Guayaquil y \u00e1reas cercanas gratuito, areas lejanas se adiciona pasaje. Adicional Se cobra por perif\u00e9ricos (Impresora, Scanner, etc, no Computadoras) adicionales 10$ Garant\u00eda Les ayudamos con sus respaldos, ya que muchas empresas que hacen servicios, les borran la informaci\u00f3n sin prevenir a la gente. Forma de pago Dep\u00f3sito\/Transferencia Bancaria\u00a0o al contado. Precio 30$ c\/Computador al Mes. Llame ahora al\u00a0096 094 66 25 [\/vc_column_text][\/vc_column_inner][\/vc_row_inner][\/vc_tta_section][vc_tta_section title=&#8221;Pan PYME&#8221; tab_id=&#8221;1514316680054-5cfcb520-b73e&#8221;][vc_row_inner][vc_column_inner][vc_column_text] Plan PYME Descripci\u00f3n Podra utilizar todos los servicios de HelpDesk incluido el desplazamiento de un t\u00e9cnico especialista en hardware y software de PC&#8230; <\/p>\n<p><a class=\"readmore\" href=\"https:\/\/eas.ec\/sitio\/it-support-plans\/\">Seguir Leyendo<\/a><\/p>\n","protected":false},"author":1,"featured_media":0,"parent":0,"menu_order":0,"comment_status":"closed","ping_status":"closed","template":"","meta":{"_joinchat":[],"footnotes":""},"class_list":["post-10351","page","type-page","status-publish","hentry"],"_links":{"self":[{"href":"https:\/\/eas.ec\/sitio\/wp-json\/wp\/v2\/pages\/10351","targetHints":{"allow":["GET"]}}],"collection":[{"href":"https:\/\/eas.ec\/sitio\/wp-json\/wp\/v2\/pages"}],"about":[{"href":"https:\/\/eas.ec\/sitio\/wp-json\/wp\/v2\/types\/page"}],"author":[{"embeddable":true,"href":"https:\/\/eas.ec\/sitio\/wp-json\/wp\/v2\/users\/1"}],"replies":[{"embeddable":true,"href":"https:\/\/eas.ec\/sitio\/wp-json\/wp\/v2\/comments?post=10351"}],"version-history":[{"count":34,"href":"https:\/\/eas.ec\/sitio\/wp-json\/wp\/v2\/pages\/10351\/revisions"}],"predecessor-version":[{"id":11289,"href":"https:\/\/eas.ec\/sitio\/wp-json\/wp\/v2\/pages\/10351\/revisions\/11289"}],"wp:attachment":[{"href":"https:\/\/eas.ec\/sitio\/wp-json\/wp\/v2\/media?parent=10351"}],"curies":[{"name":"wp","href":"https:\/\/api.w.org\/{rel}","templated":true}]}}